{"id":1894,"date":"2024-10-20T12:07:35","date_gmt":"2024-10-20T12:07:35","guid":{"rendered":"https:\/\/icwv.org\/?page_id=1894"},"modified":"2025-06-17T09:17:01","modified_gmt":"2025-06-17T09:17:01","slug":"beleidsplan-2024","status":"publish","type":"page","link":"https:\/\/icwv.org\/index.php\/beleidsplan-2024\/","title":{"rendered":"Beleidsplan 2024"},"content":{"rendered":"\t\t<div data-elementor-type=\"wp-page\" data-elementor-id=\"1894\" class=\"elementor elementor-1894\" data-elementor-settings=\"{&quot;ha_cmc_init_switcher&quot;:&quot;no&quot;}\" data-elementor-post-type=\"page\">\n\t\t\t\t\t\t<section class=\"elementor-section elementor-top-section elementor-element elementor-element-22098744 elementor-section-stretched elementor-section-full_width elementor-section-height-min-height elementor-section-items-bottom elementor-section-content-top elementor-section-height-default\" data-id=\"22098744\" data-element_type=\"section\" data-settings=\"{&quot;background_background&quot;:&quot;classic&quot;,&quot;stretch_section&quot;:&quot;section-stretched&quot;,&quot;_ha_eqh_enable&quot;:false}\">\n\t\t\t\t\t\t<div class=\"elementor-container elementor-column-gap-wide\">\n\t\t\t\t\t<div class=\"elementor-column elementor-col-100 elementor-top-column elementor-element elementor-element-3a4661ca\" data-id=\"3a4661ca\" data-element_type=\"column\">\n\t\t\t<div class=\"elementor-widget-wrap elementor-element-populated\">\n\t\t\t\t\t\t<div class=\"elementor-element elementor-element-344b2ae elementor-widget elementor-widget-image\" data-id=\"344b2ae\" data-element_type=\"widget\" data-widget_type=\"image.default\">\n\t\t\t\t<div class=\"elementor-widget-container\">\n\t\t\t\t\t\t\t\t\t\t\t\t\t\t\t<img fetchpriority=\"high\" decoding=\"async\" width=\"300\" height=\"224\" src=\"https:\/\/icwv.org\/wp-content\/uploads\/2020\/08\/cropped-icwv032-300x224.png\" class=\"attachment-medium size-medium wp-image-179\" alt=\"icwv.org logo\" srcset=\"https:\/\/icwv.org\/wp-content\/uploads\/2020\/08\/cropped-icwv032-300x224.png 300w, https:\/\/icwv.org\/wp-content\/uploads\/2020\/08\/cropped-icwv032.png 460w\" sizes=\"(max-width: 300px) 100vw, 300px\" \/>\t\t\t\t\t\t\t\t\t\t\t\t\t\t\t<\/div>\n\t\t\t\t<\/div>\n\t\t\t\t<div class=\"elementor-element elementor-element-bc26fcb elementor-widget elementor-widget-heading\" data-id=\"bc26fcb\" data-element_type=\"widget\" data-widget_type=\"heading.default\">\n\t\t\t\t<div class=\"elementor-widget-container\">\n\t\t\t\t\t<h2 class=\"elementor-heading-title elementor-size-default\">Beleidsplan ICWV 2025<\/h2>\t\t\t\t<\/div>\n\t\t\t\t<\/div>\n\t\t\t\t<section class=\"elementor-section elementor-inner-section elementor-element elementor-element-44aa3561 elementor-section-full_width elementor-section-height-default elementor-section-height-default\" data-id=\"44aa3561\" data-element_type=\"section\" data-settings=\"{&quot;_ha_eqh_enable&quot;:false}\">\n\t\t\t\t\t\t<div class=\"elementor-container elementor-column-gap-default\">\n\t\t\t\t\t<div class=\"elementor-column elementor-col-50 elementor-inner-column elementor-element elementor-element-70a5fd52\" data-id=\"70a5fd52\" data-element_type=\"column\">\n\t\t\t<div class=\"elementor-widget-wrap elementor-element-populated\">\n\t\t\t\t\t\t<div class=\"elementor-element elementor-element-fe00691 elementor-widget elementor-widget-heading\" data-id=\"fe00691\" data-element_type=\"widget\" data-widget_type=\"heading.default\">\n\t\t\t\t<div class=\"elementor-widget-container\">\n\t\t\t\t\t<h2 class=\"elementor-heading-title elementor-size-default\">1.\tMissie<\/h2>\t\t\t\t<\/div>\n\t\t\t\t<\/div>\n\t\t\t\t<div class=\"elementor-element elementor-element-1b63b75 elementor-widget elementor-widget-text-editor\" data-id=\"1b63b75\" data-element_type=\"widget\" data-widget_type=\"text-editor.default\">\n\t\t\t\t<div class=\"elementor-widget-container\">\n\t\t\t\t\t\t\t\t\t<div><p class=\"000\" align=\"left\"><span lang=\"nl\">Conform de doelstellingen als vastgelegd in de statuten focust de stichting ICWV zich op het versterken van de democratische grondvesten van onze maatschappij en het bestrijden van anti-democratische tendenzen zoals antisemitisme en andere vormen van haat. <\/span><\/p><\/div>\t\t\t\t\t\t\t\t<\/div>\n\t\t\t\t<\/div>\n\t\t\t\t<div class=\"elementor-element elementor-element-5028353 elementor-widget elementor-widget-heading\" data-id=\"5028353\" data-element_type=\"widget\" data-widget_type=\"heading.default\">\n\t\t\t\t<div class=\"elementor-widget-container\">\n\t\t\t\t\t<h2 class=\"elementor-heading-title elementor-size-default\">2.\tVisie<\/h2>\t\t\t\t<\/div>\n\t\t\t\t<\/div>\n\t\t\t\t<div class=\"elementor-element elementor-element-3e9ef5a elementor-widget elementor-widget-text-editor\" data-id=\"3e9ef5a\" data-element_type=\"widget\" data-widget_type=\"text-editor.default\">\n\t\t\t\t<div class=\"elementor-widget-container\">\n\t\t\t\t\t\t\t\t\t<div><p class=\"000\" align=\"left\">De doelstellingen van de stichting kunnen optimaal worden gerealiseerd door educatie oftewel het debunken van leugens en hate speech. <\/p><\/div>\t\t\t\t\t\t\t\t<\/div>\n\t\t\t\t<\/div>\n\t\t\t\t<div class=\"elementor-element elementor-element-a69fba4 elementor-widget elementor-widget-heading\" data-id=\"a69fba4\" data-element_type=\"widget\" data-widget_type=\"heading.default\">\n\t\t\t\t<div class=\"elementor-widget-container\">\n\t\t\t\t\t<h2 class=\"elementor-heading-title elementor-size-default\">3.\tStrategie<\/h2>\t\t\t\t<\/div>\n\t\t\t\t<\/div>\n\t\t\t\t<div class=\"elementor-element elementor-element-847df02 elementor-widget elementor-widget-heading\" data-id=\"847df02\" data-element_type=\"widget\" data-widget_type=\"heading.default\">\n\t\t\t\t<div class=\"elementor-widget-container\">\n\t\t\t\t\t<h2 class=\"elementor-heading-title elementor-size-default\">Statutaire doelstelling<\/h2>\t\t\t\t<\/div>\n\t\t\t\t<\/div>\n\t\t\t\t<div class=\"elementor-element elementor-element-6711adf elementor-widget elementor-widget-text-editor\" data-id=\"6711adf\" data-element_type=\"widget\" data-widget_type=\"text-editor.default\">\n\t\t\t\t<div class=\"elementor-widget-container\">\n\t\t\t\t\t\t\t\t\t<p>De doelstelling van de instelling is opgenomen in de statuten en luidt als volgt:<\/p><ul><li>het promoten van westerse (Joods-christelijke en humanistische) normen en waarden aangaande tolerantie, vrijheid en mensenrechten voor iedereen;<\/li><li>de studie, het blootleggen en bestrijden van anti-democratische tendenzen en ideologie\u00ebn in Europa en daarbuiten;<\/li><li>het bestrijden van antisemitisme en een halt toeroepen aan de demonisering van het Joodse volk en de Joodse Staat;<\/li><li>het ondersteunen van de Joodse Staat door in het publieke debat over Isra\u00ebl (historische) feiten aan te dragen en de ontstaansgeschiedenis van het conflict met de Palestijnen en de Arabieren toe te lichten.<\/li><\/ul><p><br \/>De stichting wil haar doel onder andere bereiken door middel van:<\/p><ul><li>het geven van voorlichting in woord en geschrift, het uitgeven of doen uitgeven van publicaties (zowel digitaal als in druk), het onderhouden van websites, het geven van advies en het (financieel) ondersteunen van gelijkgestemden, alsmede het in financieel en praktische zin mogelijk maken van genoemde activiteiten;<\/li><li>de kunsten, literatuur en muziek te bevorderen (door het steunen van individuele uitingen en projecten evenals door bij te dragen aan inspanningen die het artistieke klimaat binnen de westerse wereld verbeteren);<\/li><li>het verrichten van alle verdere handelingen die met het vorenstaande in de ruimste zin verband houden of daartoe bevorderlijk kunnen zijn.<\/li><\/ul><p><br \/>Met haar doelstelling beoogt de stichting het algemeen belang te dienen.<\/p>\t\t\t\t\t\t\t\t<\/div>\n\t\t\t\t<\/div>\n\t\t\t\t<div class=\"elementor-element elementor-element-54bb6f8 elementor-widget elementor-widget-heading\" data-id=\"54bb6f8\" data-element_type=\"widget\" data-widget_type=\"heading.default\">\n\t\t\t\t<div class=\"elementor-widget-container\">\n\t\t\t\t\t<h2 class=\"elementor-heading-title elementor-size-default\">Afwezigheid winstoogmerk<\/h2>\t\t\t\t<\/div>\n\t\t\t\t<\/div>\n\t\t\t\t<div class=\"elementor-element elementor-element-a717e79 elementor-widget elementor-widget-text-editor\" data-id=\"a717e79\" data-element_type=\"widget\" data-widget_type=\"text-editor.default\">\n\t\t\t\t<div class=\"elementor-widget-container\">\n\t\t\t\t\t\t\t\t\t<div><p class=\"000\" align=\"left\"><span lang=\"nl\">De stichting heeft geen winstoogmerk, zoals blijkt uit de statuten en uit de feitelijke werkzaamheden. <\/span><\/p><\/div>\t\t\t\t\t\t\t\t<\/div>\n\t\t\t\t<\/div>\n\t\t\t\t<div class=\"elementor-element elementor-element-856af7c elementor-widget elementor-widget-heading\" data-id=\"856af7c\" data-element_type=\"widget\" data-widget_type=\"heading.default\">\n\t\t\t\t<div class=\"elementor-widget-container\">\n\t\t\t\t\t<h2 class=\"elementor-heading-title elementor-size-default\">Bestemming liquidatiesaldo<\/h2>\t\t\t\t<\/div>\n\t\t\t\t<\/div>\n\t\t\t\t<div class=\"elementor-element elementor-element-d6b00b0 elementor-widget elementor-widget-text-editor\" data-id=\"d6b00b0\" data-element_type=\"widget\" data-widget_type=\"text-editor.default\">\n\t\t\t\t<div class=\"elementor-widget-container\">\n\t\t\t\t\t\t\t\t\t<div><p class=\"000\" align=\"left\"><span lang=\"nl\">Wanneer de stichting ontbonden wordt, bepalen de statuten dat een eventueel batig liquidatiesaldo uitsluitend zal toekomen aan een instelling met een ANBI-status als bedoeld in artikel 5b van de Algemene Wet inzake Rijksbelastingen.<\/span><\/p><\/div>\t\t\t\t\t\t\t\t<\/div>\n\t\t\t\t<\/div>\n\t\t\t\t<div class=\"elementor-element elementor-element-dddaff9 elementor-widget elementor-widget-heading\" data-id=\"dddaff9\" data-element_type=\"widget\" data-widget_type=\"heading.default\">\n\t\t\t\t<div class=\"elementor-widget-container\">\n\t\t\t\t\t<h2 class=\"elementor-heading-title elementor-size-default\">4.\tBeleid<\/h2>\t\t\t\t<\/div>\n\t\t\t\t<\/div>\n\t\t\t\t<div class=\"elementor-element elementor-element-633be25 elementor-widget elementor-widget-heading\" data-id=\"633be25\" data-element_type=\"widget\" data-widget_type=\"heading.default\">\n\t\t\t\t<div class=\"elementor-widget-container\">\n\t\t\t\t\t<h2 class=\"elementor-heading-title elementor-size-default\">ICWV streeft een doel na dat actueler is dan ooit<\/h2>\t\t\t\t<\/div>\n\t\t\t\t<\/div>\n\t\t\t\t<div class=\"elementor-element elementor-element-9177269 elementor-widget elementor-widget-text-editor\" data-id=\"9177269\" data-element_type=\"widget\" data-widget_type=\"text-editor.default\">\n\t\t\t\t<div class=\"elementor-widget-container\">\n\t\t\t\t\t\t\t\t\t<p>Gezien de Joodse Staat in oorlog verkeert op diverse fronten (van Gaza tot Iran) groeit de noodzaak om een breed publiek te informeren over de genesis van dit conflict. Tevens zien we in het Westen een toename van antisemitische incidenten. Mogelijk is er een direct verband te leggen met de toegenomen aandacht voor het huidige lot en de acties van de Joden in Isra\u00ebl. Het doel dat ICWV nastreeft, meer begrip kweken voor en informatie verschaffen over wat Jodendom is, waarom Isra\u00ebl als Joodse staat bestaansrecht heeft en dat antisemitisme in al haar vormen verwerpelijk is is daarmee bijna actueler dan ooit.<\/p>\t\t\t\t\t\t\t\t<\/div>\n\t\t\t\t<\/div>\n\t\t\t\t<div class=\"elementor-element elementor-element-b863933 elementor-widget elementor-widget-heading\" data-id=\"b863933\" data-element_type=\"widget\" data-widget_type=\"heading.default\">\n\t\t\t\t<div class=\"elementor-widget-container\">\n\t\t\t\t\t<h2 class=\"elementor-heading-title elementor-size-default\">5.\tProjecten<\/h2>\t\t\t\t<\/div>\n\t\t\t\t<\/div>\n\t\t\t\t<div class=\"elementor-element elementor-element-8e88697 elementor-widget elementor-widget-heading\" data-id=\"8e88697\" data-element_type=\"widget\" data-widget_type=\"heading.default\">\n\t\t\t\t<div class=\"elementor-widget-container\">\n\t\t\t\t\t<h2 class=\"elementor-heading-title elementor-size-default\">ICWV focust zich op boeken maken en het onderhouden van de oral history-website Veerkracht.nl<\/h2>\t\t\t\t<\/div>\n\t\t\t\t<\/div>\n\t\t\t\t<div class=\"elementor-element elementor-element-3186c6b elementor-widget elementor-widget-text-editor\" data-id=\"3186c6b\" data-element_type=\"widget\" data-widget_type=\"text-editor.default\">\n\t\t\t\t<div class=\"elementor-widget-container\">\n\t\t\t\t\t\t\t\t\t<p>ICWV heeft zich de laatste jaren vooral toegelegd op het initi\u00ebren (en mede mogelijk maken) van publicaties (in druk &amp; digitaal) over Joodse cultuur en geschiedenis, het conflict tussen de staat Isra\u00ebl en haar Arabische buren, waaronder de Palestijnen en het lot van het Joodse volk tijdens en kort op WOII.<\/p><p>Deze focus\u00a0zal zich ook de komende jaren voortzetten. Daarnaast is ICWV voornemens, wanneer de politiek-militaire situatie in Isra\u00ebl dat weer toelaat, reizen te gaan organiseren naar Isra\u00ebl om ge\u00efnteresseerden te informeren over de politiek-maatschappelijke situatie aldaar. Hiervoor zijn al ter plaatse voorbereidende werkzaamheden verrichten en zijn contacten gelegd met personen die met deze groepen workshops kunnen doen en aan hen presentaties kunnen geven.<\/p><p>De door ICWV ge\u00efnitieerde website\u00a0<a href=\"http:\/\/Veerkracht.online\">Veerkracht.online<\/a>\u00a0is een groot succes. We blijven nieuwe interviews toevoegen, posten op dit platform. Gesprekken met mensen die kort na de bevrijding in 1945 lid waren van de destijds in Nederland (her)opgerichte Joodse jeugdbewegingen. In die interviews wordt ook uitgebreid aandacht besteed aan de onderduik en het verblijf in kampen. Maar het accent ligt uiteraard op de herinneringen aan het deelnemen aan de activiteiten van de jeugdbewegingen. Daar (her)vonden jonge Joodse overlevenden van de Holocaust weer hun Joodse identiteit en zelfbewustzijn.<\/p>\t\t\t\t\t\t\t\t<\/div>\n\t\t\t\t<\/div>\n\t\t\t\t<div class=\"elementor-element elementor-element-d01ae28 elementor-widget elementor-widget-heading\" data-id=\"d01ae28\" data-element_type=\"widget\" data-widget_type=\"heading.default\">\n\t\t\t\t<div class=\"elementor-widget-container\">\n\t\t\t\t\t<h2 class=\"elementor-heading-title elementor-size-default\">6.\tWerving van inkomsten<\/h2>\t\t\t\t<\/div>\n\t\t\t\t<\/div>\n\t\t\t\t<div class=\"elementor-element elementor-element-93e8441 elementor-widget elementor-widget-text-editor\" data-id=\"93e8441\" data-element_type=\"widget\" data-widget_type=\"text-editor.default\">\n\t\t\t\t<div class=\"elementor-widget-container\">\n\t\t\t\t\t\t\t\t\t<p>ICWV zal doorgaan met het werven van fondsen onder gelijkgestemde particulieren en instellingen. Uit deze hoek kan, zo is uit de historie gebleken, de meeste support worden verwacht. Voor het werven van donateurs maakt ICWV geen kosten. Die financi\u00eble steun wordt aangewend om bijvoorbeeld bij te dragen in druk- en researchkosten voor boeken, het hosten en bouwen van een website en\/of het huren van een zaal voor een debat- of informatieavond. De kosten voor kantoorfaciliteiten en boekhouding weet ICWV zeer beperkt te houden. Het bestuur doet haar werk onbezoldigd en ICWV kent ook verder geen betaalde medewerkers.<\/p>\t\t\t\t\t\t\t\t<\/div>\n\t\t\t\t<\/div>\n\t\t\t\t<div class=\"elementor-element elementor-element-82dda9d elementor-widget elementor-widget-heading\" data-id=\"82dda9d\" data-element_type=\"widget\" data-widget_type=\"heading.default\">\n\t\t\t\t<div class=\"elementor-widget-container\">\n\t\t\t\t\t<h2 class=\"elementor-heading-title elementor-size-default\">7.\tUitvoering<\/h2>\t\t\t\t<\/div>\n\t\t\t\t<\/div>\n\t\t\t\t<div class=\"elementor-element elementor-element-f46d30a elementor-widget elementor-widget-heading\" data-id=\"f46d30a\" data-element_type=\"widget\" data-widget_type=\"heading.default\">\n\t\t\t\t<div class=\"elementor-widget-container\">\n\t\t\t\t\t<h2 class=\"elementor-heading-title elementor-size-default\">ICWV besteedt fondsen effici\u00ebnt en vertrouwt op blijvende support uit hoek van gelijkgestemden<\/h2>\t\t\t\t<\/div>\n\t\t\t\t<\/div>\n\t\t\t\t<div class=\"elementor-element elementor-element-072e2d8 elementor-widget elementor-widget-text-editor\" data-id=\"072e2d8\" data-element_type=\"widget\" data-widget_type=\"text-editor.default\">\n\t\t\t\t<div class=\"elementor-widget-container\">\n\t\t\t\t\t\t\t\t\t<p>De financi\u00eble steun wordt aangewend om bijvoorbeeld bij te dragen in druk- en researchkosten voor boeken, het hosten en bouwen van een website en\/of het huren van een zaal voor een debat- of informatieavond. De kosten voor kantoorfaciliteiten en boekhouding weet ICWV zeer beperkt te houden. Het bestuur doet haar werk onbezoldigd en ICWV kent ook verder geen betaalde medewerkers.<\/p><p>Vanaf 2020 is ICWV erin geslaagd binnen het multi-mediale archief een belangrijke sectie op te bouwen gericht op de historie van Jiddische muziek met circa duizend grammofoonplaten, waaronder unieke 78 RPM platen.<\/p>\t\t\t\t\t\t\t\t<\/div>\n\t\t\t\t<\/div>\n\t\t\t\t\t<\/div>\n\t\t<\/div>\n\t\t\t\t<div class=\"elementor-column elementor-col-50 elementor-inner-column elementor-element elementor-element-657872de\" data-id=\"657872de\" data-element_type=\"column\">\n\t\t\t<div class=\"elementor-widget-wrap\">\n\t\t\t\t\t\t\t<\/div>\n\t\t<\/div>\n\t\t\t\t\t<\/div>\n\t\t<\/section>\n\t\t\t\t\t<\/div>\n\t\t<\/div>\n\t\t\t\t\t<\/div>\n\t\t<\/section>\n\t\t\t\t<\/div>\n\t\t","protected":false},"excerpt":{"rendered":"<p>Beleidsplan ICWV 2025 1. Missie Conform de doelstellingen als vastgelegd in de statuten focust de stichting ICWV zich op het [&hellip;]<\/p>\n","protected":false},"author":1,"featured_media":0,"parent":0,"menu_order":0,"comment_status":"closed","ping_status":"closed","template":"elementor_header_footer","meta":{"site-sidebar-layout":"default","site-content-layout":"","ast-site-content-layout":"default","site-content-style":"default","site-sidebar-style":"default","ast-global-header-display":"","ast-banner-title-visibility":"","ast-main-header-display":"","ast-hfb-above-header-display":"","ast-hfb-below-header-display":"","ast-hfb-mobile-header-display":"","site-post-title":"","ast-breadcrumbs-content":"","ast-featured-img":"","footer-sml-layout":"","theme-transparent-header-meta":"","adv-header-id-meta":"","stick-header-meta":"","header-above-stick-meta":"","header-main-stick-meta":"","header-below-stick-meta":"","astra-migrate-meta-layouts":"default","ast-page-background-enabled":"default","ast-page-background-meta":{"desktop":{"background-color":"var(--ast-global-color-5)","background-image":"","background-repeat":"repeat","background-position":"center center","background-size":"auto","background-attachment":"scroll","background-type":"","background-media":"","overlay-type":"","overlay-color":"","overlay-opacity":"","overlay-gradient":""},"tablet":{"background-color":"","background-image":"","background-repeat":"repeat","background-position":"center center","background-size":"auto","background-attachment":"scroll","background-type":"","background-media":"","overlay-type":"","overlay-color":"","overlay-opacity":"","overlay-gradient":""},"mobile":{"background-color":"","background-image":"","background-repeat":"repeat","background-position":"center center","background-size":"auto","background-attachment":"scroll","background-type":"","background-media":"","overlay-type":"","overlay-color":"","overlay-opacity":"","overlay-gradient":""}},"ast-content-background-meta":{"desktop":{"background-color":"var(--ast-global-color-4)","background-image":"","background-repeat":"repeat","background-position":"center center","background-size":"auto","background-attachment":"scroll","background-type":"","background-media":"","overlay-type":"","overlay-color":"","overlay-opacity":"","overlay-gradient":""},"tablet":{"background-color":"var(--ast-global-color-4)","background-image":"","background-repeat":"repeat","background-position":"center center","background-size":"auto","background-attachment":"scroll","background-type":"","background-media":"","overlay-type":"","overlay-color":"","overlay-opacity":"","overlay-gradient":""},"mobile":{"background-color":"var(--ast-global-color-4)","background-image":"","background-repeat":"repeat","background-position":"center center","background-size":"auto","background-attachment":"scroll","background-type":"","background-media":"","overlay-type":"","overlay-color":"","overlay-opacity":"","overlay-gradient":""}},"footnotes":""},"aioseo_notices":[],"_links":{"self":[{"href":"https:\/\/icwv.org\/index.php\/wp-json\/wp\/v2\/pages\/1894"}],"collection":[{"href":"https:\/\/icwv.org\/index.php\/wp-json\/wp\/v2\/pages"}],"about":[{"href":"https:\/\/icwv.org\/index.php\/wp-json\/wp\/v2\/types\/page"}],"author":[{"embeddable":true,"href":"https:\/\/icwv.org\/index.php\/wp-json\/wp\/v2\/users\/1"}],"replies":[{"embeddable":true,"href":"https:\/\/icwv.org\/index.php\/wp-json\/wp\/v2\/comments?post=1894"}],"version-history":[{"count":61,"href":"https:\/\/icwv.org\/index.php\/wp-json\/wp\/v2\/pages\/1894\/revisions"}],"predecessor-version":[{"id":2086,"href":"https:\/\/icwv.org\/index.php\/wp-json\/wp\/v2\/pages\/1894\/revisions\/2086"}],"wp:attachment":[{"href":"https:\/\/icwv.org\/index.php\/wp-json\/wp\/v2\/media?parent=1894"}],"curies":[{"name":"wp","href":"https:\/\/api.w.org\/{rel}","templated":true}]}}